{"id":1027,"date":"2024-06-11T08:25:26","date_gmt":"2024-06-11T08:25:26","guid":{"rendered":"https:\/\/logostrans.eu\/teenused\/konteinerite-vedu\/"},"modified":"2024-07-31T12:01:28","modified_gmt":"2024-07-31T12:01:28","slug":"konteinerite-vedu","status":"publish","type":"page","link":"https:\/\/logostrans.eu\/et\/teenused\/konteinerite-vedu\/","title":{"rendered":"Konteinerite vedu"},"content":{"rendered":"\t\t<div data-elementor-type=\"wp-page\" data-elementor-id=\"1027\" class=\"elementor elementor-1027 elementor-415\">\n\t\t\t\t<div class=\"elementor-element elementor-element-1b3d6f0 e-flex e-con-boxed e-con e-parent\" data-id=\"1b3d6f0\" data-element_type=\"container\" data-settings=\"{&quot;background_background&quot;:&quot;classic&quot;}\">\n\t\t\t\t\t<div class=\"e-con-inner\">\n\t\t\t\t<div class=\"elementor-element elementor-element-8acce15 exad-sticky-section-no exad-glass-effect-no elementor-invisible elementor-widget elementor-widget-heading\" data-id=\"8acce15\" data-element_type=\"widget\" data-settings=\"{&quot;_animation&quot;:&quot;fadeInLeft&quot;}\" data-widget_type=\"heading.default\">\n\t\t\t\t<div class=\"elementor-widget-container\">\n\t\t\t<style>\/*! elementor - v3.23.0 - 05-08-2024 *\/\n.elementor-heading-title{padding:0;margin:0;line-height:1}.elementor-widget-heading .elementor-heading-title[class*=elementor-size-]>a{color:inherit;font-size:inherit;line-height:inherit}.elementor-widget-heading .elementor-heading-title.elementor-size-small{font-size:15px}.elementor-widget-heading .elementor-heading-title.elementor-size-medium{font-size:19px}.elementor-widget-heading .elementor-heading-title.elementor-size-large{font-size:29px}.elementor-widget-heading .elementor-heading-title.elementor-size-xl{font-size:39px}.elementor-widget-heading .elementor-heading-title.elementor-size-xxl{font-size:59px}<\/style><h2 class=\"elementor-heading-title elementor-size-default\">Konteinerite vedu<\/h2>\t\t<\/div>\n\t\t\t\t<\/div>\n\t\t\t\t\t<\/div>\n\t\t\t\t<\/div>\n\t\t<div class=\"elementor-element elementor-element-45469d6 e-flex e-con-boxed e-con e-parent\" data-id=\"45469d6\" data-element_type=\"container\">\n\t\t\t\t\t<div class=\"e-con-inner\">\n\t\t\t\t<div class=\"elementor-element elementor-element-759ade3 exad-sticky-section-no exad-glass-effect-no elementor-widget elementor-widget-text-editor\" data-id=\"759ade3\" data-element_type=\"widget\" data-widget_type=\"text-editor.default\">\n\t\t\t\t<div class=\"elementor-widget-container\">\n\t\t\t<style>\/*! elementor - v3.23.0 - 05-08-2024 *\/\n.elementor-widget-text-editor.elementor-drop-cap-view-stacked .elementor-drop-cap{background-color:#69727d;color:#fff}.elementor-widget-text-editor.elementor-drop-cap-view-framed .elementor-drop-cap{color:#69727d;border:3px solid;background-color:transparent}.elementor-widget-text-editor:not(.elementor-drop-cap-view-default) .elementor-drop-cap{margin-top:8px}.elementor-widget-text-editor:not(.elementor-drop-cap-view-default) .elementor-drop-cap-letter{width:1em;height:1em}.elementor-widget-text-editor .elementor-drop-cap{float:left;text-align:center;line-height:1;font-size:50px}.elementor-widget-text-editor .elementor-drop-cap-letter{display:inline-block}<\/style>\t\t\t\t<section class=\"elementor-section elementor-top-section elementor-element elementor-element-70579ac5 elementor-section-boxed elementor-section-height-default elementor-section-height-default exad-glass-effect-no exad-sticky-section-no\" data-id=\"70579ac5\" data-element_type=\"section\">\n<div class=\"elementor-container elementor-column-gap-default\">\n<div class=\"elementor-column elementor-col-100 elementor-top-column elementor-element elementor-element-7196362c exad-glass-effect-no exad-sticky-section-no\" data-id=\"7196362c\" data-element_type=\"column\">\n<div class=\"elementor-widget-wrap elementor-element-populated\">\n<div class=\"elementor-element elementor-element-1ed40d95 exad-sticky-section-no exad-glass-effect-no elementor-widget elementor-widget-text-editor\" data-id=\"1ed40d95\" data-element_type=\"widget\" data-widget_type=\"text-editor.default\">\n<div class=\"elementor-widget-container\">\n<p>Konteinervedu on k\u00f5ige t\u00f5husam ja \u00f6konoomsem veoliik kogu maailmas. Nii saate mis tahes lasti (nii v\u00e4ikese kui ka suure suurusega) kiiresti ja odavalt toimetada \u00fcksk\u00f5ik millisesse sihtkohta maailmas. Konteinerveod merel ei s\u00f5ltu ilmastiku- v\u00f5i muudest v\u00e4listest teguritest, mist\u00f5ttu v\u00f5ib seda tarnet\u00fc\u00fcpi nimetada k\u00f5ige lihtsamaks ja usaldusv\u00e4\u00e4rsemaks. Lisaks sellele v\u00f5imaldavad konteinerid transportida mistahes, isegi k\u00f5ige hapramat kaupa peaaegu 100%-lise garantiiga kauba ohutuse tagamiseks, samuti mis tahes mahuga ja suurusega kaupa korraga.<\/p>\n<p>Rhino Transport &amp; Logistics Group korraldab konteinervedu kogu maailmas ning on \u00fcks suurimaid ettev\u00f5tteid Eestis, mis on spetsialiseerunud konteinerite tarnimisele Ida-Euroopa riikidesse Balti riikide sadamate (Tallinn, Riia ja Klaipeda) kaudu.<\/p>\n<p>FCL-vedu (konteiner t\u00e4islastis ja m\u00f5eldud \u00fchele vastuv\u00f5tjale) toimub koost\u00f6\u00f6s suurte laevandusettev\u00f5tetega.<\/p>\n<p>LCL-vedu (mitmele vastuv\u00f5tjale m\u00f5eldud v\u00e4ikekonteinerite vedu) toimub koost\u00f6\u00f6s kontserni partneritega.<\/p>\n<p>Meie konteinervedude teenused h\u00f5lmavad:<\/p>\n<ul>\n<li>Kuivad konteinerid<\/li>\n<li>Paakide kokkut\u00f5mbajad \/ Flexitankid<\/li>\n<li>Reefer konteinerid + GenSets<\/li>\n<li>Lamedaid riiuleid<\/li>\n<\/ul>\n<p>Koost\u00f6\u00f6 suurte merekonteinerite liinidega tagab parima veose jaotuse, mugavate s\u00f5iduplaanide koostamise ja v\u00f5imaldab pakkuda teile t\u00e4ielikku valikut standard- ja erivarustust:<\/p>\n<ul class=\"list-style\">\n<li>  20- ja 40-jalgsed konteinerid: 20DC\/40DC<\/li>\n<li>  40 ja 45 jala k\u00f5rgune kuubikonteiner: 40HC\/45HC<\/li>\n<li>  20- ja 40-jalgsed kuubikujulised k\u00fclmutuskaubakonteinerid: 20RF\/40RF<\/li>\n<li>  20- ja 40-jalgsed lahtised konteinerid ja kokkupandavad lamedate riiulitega konteinerid, mis on mugavad kombineeritud transpordiks: 20OT\/40OT\/20PW\/40PW\/20FT\/40FT<\/li>\n<\/ul>\n<div><span style=\"color: #000000; font-family: -apple-system, BlinkMacSystemFont, Segoe UI, Roboto, Oxygen-Sans, Ubuntu, Cantarell, Helvetica Neue, sans-serif;\"> <\/span><\/div>\n<p>Konteinerite veoteenused h\u00f5lmavad:<\/p>\n<ul class=\"list-style\">\n<li>  &#8220;Sadamast-sadamasse&#8221; v\u00f5i &#8220;uksest-ukseni&#8221; tarne<\/li>\n<li>  Erinevate saatjate lasti konsolideerimine \u00fchte konteinerisse \u00fchele kaubasaajale<\/li>\n<li>  V\u00f5imalus transportida suurem\u00f5\u00f5tmelisi\/\u00fclegabariidilisi ja raskeid veoseid.<\/li>\n<li>  Konteinerite \u00fcmbersuunamine<\/li>\n<li>  Tollimaakleri teenused<\/li>\n<li>  Tollidokumentide ettevalmistamine<\/li>\n<li>  Lastit\u00f6\u00f6tluse korraldamine sadamates ja tolliladudes<\/li>\n<li>  \u00dclevaatusteenused, inspekteerimine ja veose kvaliteedikontroll enne konteinerisse laadimist<\/li>\n<li>  Kaubakindlustus, konossemendi kaudu v\u00e4ljastamine<\/li>\n<li>  Transpordi geograafilise asukoha kontrollimine tellimuse t\u00e4itmise ajal<\/li>\n<\/ul>\n<div><span style=\"color: #000000; font-family: -apple-system, BlinkMacSystemFont, Segoe UI, Roboto, Oxygen-Sans, Ubuntu, Cantarell, Helvetica Neue, sans-serif;\"> <\/span><\/div>\n<p>Rhino Transport &amp; Logistics Group aitab teil konteinervedude abil toimetada mis tahes suurusega lasti mis tahes sihtkohta maailmas turvaliselt, lihtsalt ja kuluefektiivselt. See meetod sobib eriti h\u00e4sti suurte kaupade ja esemete, n\u00e4iteks autode, seadmete ja erimasinate veoks.<\/p>\n<\/div>\n<\/div>\n<\/div>\n<\/div>\n<\/div>\n<\/section>\n\t\t\t\t\t\t<\/div>\n\t\t\t\t<\/div>\n\t\t\t\t\t<\/div>\n\t\t\t\t<\/div>\n\t\t\t\t<\/div>\n\t\t","protected":false},"excerpt":{"rendered":"<p>Konteinerite vedu Konteinervedu on k\u00f5ige t\u00f5husam ja \u00f6konoomsem veoliik kogu maailmas. Nii saate mis tahes lasti (nii v\u00e4ikese kui ka [&hellip;]<\/p>\n","protected":false},"author":1,"featured_media":0,"parent":1013,"menu_order":0,"comment_status":"closed","ping_status":"closed","template":"","meta":{"site-sidebar-layout":"no-sidebar","site-content-layout":"","ast-site-content-layout":"full-width-container","site-content-style":"default","site-sidebar-style":"default","ast-global-header-display":"","ast-banner-title-visibility":"","ast-main-header-display":"","ast-hfb-above-header-display":"","ast-hfb-below-header-display":"","ast-hfb-mobile-header-display":"","site-post-title":"disabled","ast-breadcrumbs-content":"","ast-featured-img":"disabled","footer-sml-layout":"","theme-transparent-header-meta":"default","adv-header-id-meta":"","stick-header-meta":"","header-above-stick-meta":"","header-main-stick-meta":"","header-below-stick-meta":"","astra-migrate-meta-layouts":"default","ast-page-background-enabled":"default","ast-page-background-meta":{"desktop":{"background-color":"var(--ast-global-color-4)","background-image":"","background-repeat":"repeat","background-position":"center center","background-size":"auto","background-attachment":"scroll","background-type":"","background-media":"","overlay-type":"","overlay-color":"","overlay-opacity":"","overlay-gradient":""},"tablet":{"background-color":"","background-image":"","background-repeat":"repeat","background-position":"center center","background-size":"auto","background-attachment":"scroll","background-type":"","background-media":"","overlay-type":"","overlay-color":"","overlay-opacity":"","overlay-gradient":""},"mobile":{"background-color":"","background-image":"","background-repeat":"repeat","background-position":"center center","background-size":"auto","background-attachment":"scroll","background-type":"","background-media":"","overlay-type":"","overlay-color":"","overlay-opacity":"","overlay-gradient":""}},"ast-content-background-meta":{"desktop":{"background-color":"var(--ast-global-color-5)","background-image":"","background-repeat":"repeat","background-position":"center center","background-size":"auto","background-attachment":"scroll","background-type":"","background-media":"","overlay-type":"","overlay-color":"","overlay-opacity":"","overlay-gradient":""},"tablet":{"background-color":"var(--ast-global-color-5)","background-image":"","background-repeat":"repeat","background-position":"center center","background-size":"auto","background-attachment":"scroll","background-type":"","background-media":"","overlay-type":"","overlay-color":"","overlay-opacity":"","overlay-gradient":""},"mobile":{"background-color":"var(--ast-global-color-5)","background-image":"","background-repeat":"repeat","background-position":"center center","background-size":"auto","background-attachment":"scroll","background-type":"","background-media":"","overlay-type":"","overlay-color":"","overlay-opacity":"","overlay-gradient":""}},"footnotes":""},"class_list":["post-1027","page","type-page","status-publish","hentry"],"yoast_head":"<!-- This site is optimized with the Yoast SEO plugin v23.4 - https:\/\/yoast.com\/wordpress\/plugins\/seo\/ -->\n<title>Konteinerite vedu - LOGOS TRANS<\/title>\n<meta name=\"robots\" content=\"index, follow, max-snippet:-1, max-image-preview:large, max-video-preview:-1\" \/>\n<link rel=\"canonical\" href=\"https:\/\/logostrans.eu\/et\/teenused\/konteinerite-vedu\/\" \/>\n<meta property=\"og:locale\" content=\"et_EE\" \/>\n<meta property=\"og:type\" content=\"article\" \/>\n<meta property=\"og:title\" content=\"Konteinerite vedu - LOGOS TRANS\" \/>\n<meta property=\"og:description\" content=\"Konteinerite vedu Konteinervedu on k\u00f5ige t\u00f5husam ja \u00f6konoomsem veoliik kogu maailmas. Nii saate mis tahes lasti (nii v\u00e4ikese kui ka [&hellip;]\" \/>\n<meta property=\"og:url\" content=\"https:\/\/logostrans.eu\/et\/teenused\/konteinerite-vedu\/\" \/>\n<meta property=\"og:site_name\" content=\"LOGOS TRANS\" \/>\n<meta property=\"article:modified_time\" content=\"2024-07-31T12:01:28+00:00\" \/>\n<meta name=\"twitter:card\" content=\"summary_large_image\" \/>\n<meta name=\"twitter:label1\" content=\"Est. reading time\" \/>\n\t<meta name=\"twitter:data1\" content=\"2 minutit\" \/>\n<script type=\"application\/ld+json\" class=\"yoast-schema-graph\">{\"@context\":\"https:\/\/schema.org\",\"@graph\":[{\"@type\":\"WebPage\",\"@id\":\"https:\/\/logostrans.eu\/et\/teenused\/konteinerite-vedu\/\",\"url\":\"https:\/\/logostrans.eu\/et\/teenused\/konteinerite-vedu\/\",\"name\":\"Konteinerite vedu - LOGOS TRANS\",\"isPartOf\":{\"@id\":\"https:\/\/logostrans.eu\/et\/#website\"},\"datePublished\":\"2024-06-11T08:25:26+00:00\",\"dateModified\":\"2024-07-31T12:01:28+00:00\",\"breadcrumb\":{\"@id\":\"https:\/\/logostrans.eu\/et\/teenused\/konteinerite-vedu\/#breadcrumb\"},\"inLanguage\":\"et\",\"potentialAction\":[{\"@type\":\"ReadAction\",\"target\":[\"https:\/\/logostrans.eu\/et\/teenused\/konteinerite-vedu\/\"]}]},{\"@type\":\"BreadcrumbList\",\"@id\":\"https:\/\/logostrans.eu\/et\/teenused\/konteinerite-vedu\/#breadcrumb\",\"itemListElement\":[{\"@type\":\"ListItem\",\"position\":1,\"name\":\"Home\",\"item\":\"https:\/\/logostrans.eu\/et\/\"},{\"@type\":\"ListItem\",\"position\":2,\"name\":\"Teenused\",\"item\":\"https:\/\/logostrans.eu\/et\/teenused\/\"},{\"@type\":\"ListItem\",\"position\":3,\"name\":\"Konteinerite vedu\"}]},{\"@type\":\"WebSite\",\"@id\":\"https:\/\/logostrans.eu\/et\/#website\",\"url\":\"https:\/\/logostrans.eu\/et\/\",\"name\":\"LOGOS TRANS\",\"description\":\"\",\"publisher\":{\"@id\":\"https:\/\/logostrans.eu\/et\/#organization\"},\"potentialAction\":[{\"@type\":\"SearchAction\",\"target\":{\"@type\":\"EntryPoint\",\"urlTemplate\":\"https:\/\/logostrans.eu\/et\/?s={search_term_string}\"},\"query-input\":{\"@type\":\"PropertyValueSpecification\",\"valueRequired\":true,\"valueName\":\"search_term_string\"}}],\"inLanguage\":\"et\"},{\"@type\":\"Organization\",\"@id\":\"https:\/\/logostrans.eu\/et\/#organization\",\"name\":\"LOGOS TRANS\",\"url\":\"https:\/\/logostrans.eu\/et\/\",\"logo\":{\"@type\":\"ImageObject\",\"inLanguage\":\"et\",\"@id\":\"https:\/\/logostrans.eu\/et\/#\/schema\/logo\/image\/\",\"url\":\"https:\/\/logostrans.eu\/wp-content\/uploads\/2024\/07\/cropped-rhino_orig.png\",\"contentUrl\":\"https:\/\/logostrans.eu\/wp-content\/uploads\/2024\/07\/cropped-rhino_orig.png\",\"width\":1566,\"height\":394,\"caption\":\"LOGOS TRANS\"},\"image\":{\"@id\":\"https:\/\/logostrans.eu\/et\/#\/schema\/logo\/image\/\"}}]}<\/script>\n<!-- \/ Yoast SEO plugin. -->","yoast_head_json":{"title":"Konteinerite vedu - LOGOS TRANS","robots":{"index":"index","follow":"follow","max-snippet":"max-snippet:-1","max-image-preview":"max-image-preview:large","max-video-preview":"max-video-preview:-1"},"canonical":"https:\/\/logostrans.eu\/et\/teenused\/konteinerite-vedu\/","og_locale":"et_EE","og_type":"article","og_title":"Konteinerite vedu - LOGOS TRANS","og_description":"Konteinerite vedu Konteinervedu on k\u00f5ige t\u00f5husam ja \u00f6konoomsem veoliik kogu maailmas. Nii saate mis tahes lasti (nii v\u00e4ikese kui ka [&hellip;]","og_url":"https:\/\/logostrans.eu\/et\/teenused\/konteinerite-vedu\/","og_site_name":"LOGOS TRANS","article_modified_time":"2024-07-31T12:01:28+00:00","twitter_card":"summary_large_image","twitter_misc":{"Est. reading time":"2 minutit"},"schema":{"@context":"https:\/\/schema.org","@graph":[{"@type":"WebPage","@id":"https:\/\/logostrans.eu\/et\/teenused\/konteinerite-vedu\/","url":"https:\/\/logostrans.eu\/et\/teenused\/konteinerite-vedu\/","name":"Konteinerite vedu - LOGOS TRANS","isPartOf":{"@id":"https:\/\/logostrans.eu\/et\/#website"},"datePublished":"2024-06-11T08:25:26+00:00","dateModified":"2024-07-31T12:01:28+00:00","breadcrumb":{"@id":"https:\/\/logostrans.eu\/et\/teenused\/konteinerite-vedu\/#breadcrumb"},"inLanguage":"et","potentialAction":[{"@type":"ReadAction","target":["https:\/\/logostrans.eu\/et\/teenused\/konteinerite-vedu\/"]}]},{"@type":"BreadcrumbList","@id":"https:\/\/logostrans.eu\/et\/teenused\/konteinerite-vedu\/#breadcrumb","itemListElement":[{"@type":"ListItem","position":1,"name":"Home","item":"https:\/\/logostrans.eu\/et\/"},{"@type":"ListItem","position":2,"name":"Teenused","item":"https:\/\/logostrans.eu\/et\/teenused\/"},{"@type":"ListItem","position":3,"name":"Konteinerite vedu"}]},{"@type":"WebSite","@id":"https:\/\/logostrans.eu\/et\/#website","url":"https:\/\/logostrans.eu\/et\/","name":"LOGOS TRANS","description":"","publisher":{"@id":"https:\/\/logostrans.eu\/et\/#organization"},"potentialAction":[{"@type":"SearchAction","target":{"@type":"EntryPoint","urlTemplate":"https:\/\/logostrans.eu\/et\/?s={search_term_string}"},"query-input":{"@type":"PropertyValueSpecification","valueRequired":true,"valueName":"search_term_string"}}],"inLanguage":"et"},{"@type":"Organization","@id":"https:\/\/logostrans.eu\/et\/#organization","name":"LOGOS TRANS","url":"https:\/\/logostrans.eu\/et\/","logo":{"@type":"ImageObject","inLanguage":"et","@id":"https:\/\/logostrans.eu\/et\/#\/schema\/logo\/image\/","url":"https:\/\/logostrans.eu\/wp-content\/uploads\/2024\/07\/cropped-rhino_orig.png","contentUrl":"https:\/\/logostrans.eu\/wp-content\/uploads\/2024\/07\/cropped-rhino_orig.png","width":1566,"height":394,"caption":"LOGOS TRANS"},"image":{"@id":"https:\/\/logostrans.eu\/et\/#\/schema\/logo\/image\/"}}]}},"_links":{"self":[{"href":"https:\/\/logostrans.eu\/et\/wp-json\/wp\/v2\/pages\/1027","targetHints":{"allow":["GET"]}}],"collection":[{"href":"https:\/\/logostrans.eu\/et\/wp-json\/wp\/v2\/pages"}],"about":[{"href":"https:\/\/logostrans.eu\/et\/wp-json\/wp\/v2\/types\/page"}],"author":[{"embeddable":true,"href":"https:\/\/logostrans.eu\/et\/wp-json\/wp\/v2\/users\/1"}],"replies":[{"embeddable":true,"href":"https:\/\/logostrans.eu\/et\/wp-json\/wp\/v2\/comments?post=1027"}],"version-history":[{"count":1,"href":"https:\/\/logostrans.eu\/et\/wp-json\/wp\/v2\/pages\/1027\/revisions"}],"predecessor-version":[{"id":1029,"href":"https:\/\/logostrans.eu\/et\/wp-json\/wp\/v2\/pages\/1027\/revisions\/1029"}],"up":[{"embeddable":true,"href":"https:\/\/logostrans.eu\/et\/wp-json\/wp\/v2\/pages\/1013"}],"wp:attachment":[{"href":"https:\/\/logostrans.eu\/et\/wp-json\/wp\/v2\/media?parent=1027"}],"curies":[{"name":"wp","href":"https:\/\/api.w.org\/{rel}","templated":true}]}}