{"id":1034,"date":"2024-06-11T08:48:14","date_gmt":"2024-06-11T08:48:14","guid":{"rendered":"https:\/\/logostrans.eu\/teenused\/projekt-ja-uledimensioneeritud-last\/"},"modified":"2024-07-31T12:01:31","modified_gmt":"2024-07-31T12:01:31","slug":"projekt-ja-uledimensioneeritud-last","status":"publish","type":"page","link":"https:\/\/logostrans.eu\/et\/teenused\/projekt-ja-uledimensioneeritud-last\/","title":{"rendered":"Projekt ja \u00fcledimensioneeritud last"},"content":{"rendered":"\t\t<div data-elementor-type=\"wp-page\" data-elementor-id=\"1034\" class=\"elementor elementor-1034 elementor-457\">\n\t\t\t\t<div class=\"elementor-element elementor-element-62903a2 e-flex e-con-boxed e-con e-parent\" data-id=\"62903a2\" data-element_type=\"container\" data-settings=\"{&quot;background_background&quot;:&quot;classic&quot;}\">\n\t\t\t\t\t<div class=\"e-con-inner\">\n\t\t\t\t<div class=\"elementor-element elementor-element-5ae3ba2 exad-sticky-section-no exad-glass-effect-no elementor-invisible elementor-widget elementor-widget-heading\" data-id=\"5ae3ba2\" data-element_type=\"widget\" data-settings=\"{&quot;_animation&quot;:&quot;fadeInLeft&quot;}\" data-widget_type=\"heading.default\">\n\t\t\t\t<div class=\"elementor-widget-container\">\n\t\t\t<style>\/*! elementor - v3.23.0 - 05-08-2024 *\/\n.elementor-heading-title{padding:0;margin:0;line-height:1}.elementor-widget-heading .elementor-heading-title[class*=elementor-size-]>a{color:inherit;font-size:inherit;line-height:inherit}.elementor-widget-heading .elementor-heading-title.elementor-size-small{font-size:15px}.elementor-widget-heading .elementor-heading-title.elementor-size-medium{font-size:19px}.elementor-widget-heading .elementor-heading-title.elementor-size-large{font-size:29px}.elementor-widget-heading .elementor-heading-title.elementor-size-xl{font-size:39px}.elementor-widget-heading .elementor-heading-title.elementor-size-xxl{font-size:59px}<\/style><h2 class=\"elementor-heading-title elementor-size-default\">Projekt ja \u00fcledimensioneeritud last<\/h2>\t\t<\/div>\n\t\t\t\t<\/div>\n\t\t\t\t\t<\/div>\n\t\t\t\t<\/div>\n\t\t<div class=\"elementor-element elementor-element-d18b62b e-flex e-con-boxed e-con e-parent\" data-id=\"d18b62b\" data-element_type=\"container\">\n\t\t\t\t\t<div class=\"e-con-inner\">\n\t\t\t\t<div class=\"elementor-element elementor-element-c167a9e exad-sticky-section-no exad-glass-effect-no elementor-widget elementor-widget-text-editor\" data-id=\"c167a9e\" data-element_type=\"widget\" data-widget_type=\"text-editor.default\">\n\t\t\t\t<div class=\"elementor-widget-container\">\n\t\t\t<style>\/*! elementor - v3.23.0 - 05-08-2024 *\/\n.elementor-widget-text-editor.elementor-drop-cap-view-stacked .elementor-drop-cap{background-color:#69727d;color:#fff}.elementor-widget-text-editor.elementor-drop-cap-view-framed .elementor-drop-cap{color:#69727d;border:3px solid;background-color:transparent}.elementor-widget-text-editor:not(.elementor-drop-cap-view-default) .elementor-drop-cap{margin-top:8px}.elementor-widget-text-editor:not(.elementor-drop-cap-view-default) .elementor-drop-cap-letter{width:1em;height:1em}.elementor-widget-text-editor .elementor-drop-cap{float:left;text-align:center;line-height:1;font-size:50px}.elementor-widget-text-editor .elementor-drop-cap-letter{display:inline-block}<\/style>\t\t\t\t<section class=\"elementor-section elementor-top-section elementor-element elementor-element-3ec77a32 elementor-section-boxed elementor-section-height-default elementor-section-height-default exad-glass-effect-no exad-sticky-section-no\" data-id=\"3ec77a32\" data-element_type=\"section\">\n<div class=\"elementor-container elementor-column-gap-default\">\n<div class=\"elementor-column elementor-col-100 elementor-top-column elementor-element elementor-element-4c3a1a79 exad-glass-effect-no exad-sticky-section-no\" data-id=\"4c3a1a79\" data-element_type=\"column\">\n<div class=\"elementor-widget-wrap elementor-element-populated\">\n<div class=\"elementor-element elementor-element-472e3c94 exad-sticky-section-no exad-glass-effect-no elementor-widget elementor-widget-text-editor\" data-id=\"472e3c94\" data-element_type=\"widget\" data-widget_type=\"text-editor.default\">\n<div class=\"elementor-widget-container\">\n<section class=\"elementor-section elementor-top-section elementor-element elementor-element-3ec77a32 elementor-section-boxed elementor-section-height-default elementor-section-height-default exad-glass-effect-no exad-sticky-section-no\" data-id=\"3ec77a32\" data-element_type=\"section\">\n<div class=\"elementor-container elementor-column-gap-default\">\n<div class=\"elementor-column elementor-col-100 elementor-top-column elementor-element elementor-element-4c3a1a79 exad-glass-effect-no exad-sticky-section-no\" data-id=\"4c3a1a79\" data-element_type=\"column\">\n<div class=\"elementor-widget-wrap elementor-element-populated\">\n<div class=\"elementor-element elementor-element-472e3c94 exad-sticky-section-no exad-glass-effect-no elementor-widget elementor-widget-text-editor\" data-id=\"472e3c94\" data-element_type=\"widget\" data-widget_type=\"text-editor.default\">\n<div class=\"elementor-widget-container\">\n<p>Rhino Transport &amp; Logistics Group pakub projektlasti veoteenuseid t\u00e4nu koost\u00f6\u00f6le suurte transpordiettev\u00f5tetega, mis tegutsevad Baltikumis \u00fcledimensioneeritud vedude valdkonnas.<br \/>Ettev\u00f5te on kogunud ulatuslikke kogemusi projektlasti veo alal: rohkem kui 30 veoauto \u00fcheaegne laadimine ja tarnimine \u00fche partiiga.<\/p>\n<p>Rhino Transport &amp; Logistics Group toimetab kohale mis tahes suurusega ja t\u00fc\u00fcpi lasti: ettev\u00f5te arvutab individuaalse tariifi ja tellimuse tarnetee ning selgitab teie kauba transpordi k\u00f5ik etapid vastavalt teie vajadustele ja n\u00f5uetele.<br \/>\nEksperdid aitavad teil m\u00e4\u00e4rata tarneviisi ja pakuvad erinevaid marsruute; seejuures ei ole teie lasti liik, kaal ja suurus oluline: ettev\u00f5te pakub lahenduse igale kliendile. <\/p>\n<\/div>\n<\/div>\n<\/div>\n<\/div>\n<\/div>\n<\/section>\n<\/div>\n<\/div>\n<\/div>\n<\/div>\n<\/div>\n<\/section>\n\t\t\t\t\t\t<\/div>\n\t\t\t\t<\/div>\n\t\t\t\t\t<\/div>\n\t\t\t\t<\/div>\n\t\t\t\t<\/div>\n\t\t","protected":false},"excerpt":{"rendered":"<p>Projekt ja \u00fcledimensioneeritud last Rhino Transport &amp; Logistics Group pakub projektlasti veoteenuseid t\u00e4nu koost\u00f6\u00f6le suurte transpordiettev\u00f5tetega, mis tegutsevad Baltikumis \u00fcledimensioneeritud [&hellip;]<\/p>\n","protected":false},"author":1,"featured_media":0,"parent":1013,"menu_order":0,"comment_status":"closed","ping_status":"closed","template":"","meta":{"site-sidebar-layout":"no-sidebar","site-content-layout":"","ast-site-content-layout":"full-width-container","site-content-style":"default","site-sidebar-style":"default","ast-global-header-display":"","ast-banner-title-visibility":"","ast-main-header-display":"","ast-hfb-above-header-display":"","ast-hfb-below-header-display":"","ast-hfb-mobile-header-display":"","site-post-title":"disabled","ast-breadcrumbs-content":"","ast-featured-img":"disabled","footer-sml-layout":"","theme-transparent-header-meta":"default","adv-header-id-meta":"","stick-header-meta":"","header-above-stick-meta":"","header-main-stick-meta":"","header-below-stick-meta":"","astra-migrate-meta-layouts":"default","ast-page-background-enabled":"default","ast-page-background-meta":{"desktop":{"background-color":"var(--ast-global-color-4)","background-image":"","background-repeat":"repeat","background-position":"center center","background-size":"auto","background-attachment":"scroll","background-type":"","background-media":"","overlay-type":"","overlay-color":"","overlay-opacity":"","overlay-gradient":""},"tablet":{"background-color":"","background-image":"","background-repeat":"repeat","background-position":"center center","background-size":"auto","background-attachment":"scroll","background-type":"","background-media":"","overlay-type":"","overlay-color":"","overlay-opacity":"","overlay-gradient":""},"mobile":{"background-color":"","background-image":"","background-repeat":"repeat","background-position":"center center","background-size":"auto","background-attachment":"scroll","background-type":"","background-media":"","overlay-type":"","overlay-color":"","overlay-opacity":"","overlay-gradient":""}},"ast-content-background-meta":{"desktop":{"background-color":"var(--ast-global-color-5)","background-image":"","background-repeat":"repeat","background-position":"center center","background-size":"auto","background-attachment":"scroll","background-type":"","background-media":"","overlay-type":"","overlay-color":"","overlay-opacity":"","overlay-gradient":""},"tablet":{"background-color":"var(--ast-global-color-5)","background-image":"","background-repeat":"repeat","background-position":"center center","background-size":"auto","background-attachment":"scroll","background-type":"","background-media":"","overlay-type":"","overlay-color":"","overlay-opacity":"","overlay-gradient":""},"mobile":{"background-color":"var(--ast-global-color-5)","background-image":"","background-repeat":"repeat","background-position":"center center","background-size":"auto","background-attachment":"scroll","background-type":"","background-media":"","overlay-type":"","overlay-color":"","overlay-opacity":"","overlay-gradient":""}},"footnotes":""},"class_list":["post-1034","page","type-page","status-publish","hentry"],"yoast_head":"<!-- This site is optimized with the Yoast SEO plugin v23.4 - https:\/\/yoast.com\/wordpress\/plugins\/seo\/ -->\n<title>Projekt ja \u00fcledimensioneeritud last - LOGOS TRANS<\/title>\n<meta name=\"robots\" content=\"index, follow, max-snippet:-1, max-image-preview:large, max-video-preview:-1\" \/>\n<link rel=\"canonical\" href=\"https:\/\/logostrans.eu\/et\/teenused\/projekt-ja-uledimensioneeritud-last\/\" \/>\n<meta property=\"og:locale\" content=\"et_EE\" \/>\n<meta property=\"og:type\" content=\"article\" \/>\n<meta property=\"og:title\" content=\"Projekt ja \u00fcledimensioneeritud last - LOGOS TRANS\" \/>\n<meta property=\"og:description\" content=\"Projekt ja \u00fcledimensioneeritud last Rhino Transport &amp; Logistics Group pakub projektlasti veoteenuseid t\u00e4nu koost\u00f6\u00f6le suurte transpordiettev\u00f5tetega, mis tegutsevad Baltikumis \u00fcledimensioneeritud [&hellip;]\" \/>\n<meta property=\"og:url\" content=\"https:\/\/logostrans.eu\/et\/teenused\/projekt-ja-uledimensioneeritud-last\/\" \/>\n<meta property=\"og:site_name\" content=\"LOGOS TRANS\" \/>\n<meta property=\"article:modified_time\" content=\"2024-07-31T12:01:31+00:00\" \/>\n<meta name=\"twitter:card\" content=\"summary_large_image\" \/>\n<meta name=\"twitter:label1\" content=\"Est. reading time\" \/>\n\t<meta name=\"twitter:data1\" content=\"1 minut\" \/>\n<script type=\"application\/ld+json\" class=\"yoast-schema-graph\">{\"@context\":\"https:\/\/schema.org\",\"@graph\":[{\"@type\":\"WebPage\",\"@id\":\"https:\/\/logostrans.eu\/et\/teenused\/projekt-ja-uledimensioneeritud-last\/\",\"url\":\"https:\/\/logostrans.eu\/et\/teenused\/projekt-ja-uledimensioneeritud-last\/\",\"name\":\"Projekt ja \u00fcledimensioneeritud last - LOGOS TRANS\",\"isPartOf\":{\"@id\":\"https:\/\/logostrans.eu\/et\/#website\"},\"datePublished\":\"2024-06-11T08:48:14+00:00\",\"dateModified\":\"2024-07-31T12:01:31+00:00\",\"breadcrumb\":{\"@id\":\"https:\/\/logostrans.eu\/et\/teenused\/projekt-ja-uledimensioneeritud-last\/#breadcrumb\"},\"inLanguage\":\"et\",\"potentialAction\":[{\"@type\":\"ReadAction\",\"target\":[\"https:\/\/logostrans.eu\/et\/teenused\/projekt-ja-uledimensioneeritud-last\/\"]}]},{\"@type\":\"BreadcrumbList\",\"@id\":\"https:\/\/logostrans.eu\/et\/teenused\/projekt-ja-uledimensioneeritud-last\/#breadcrumb\",\"itemListElement\":[{\"@type\":\"ListItem\",\"position\":1,\"name\":\"Home\",\"item\":\"https:\/\/logostrans.eu\/et\/\"},{\"@type\":\"ListItem\",\"position\":2,\"name\":\"Teenused\",\"item\":\"https:\/\/logostrans.eu\/et\/teenused\/\"},{\"@type\":\"ListItem\",\"position\":3,\"name\":\"Projekt ja \u00fcledimensioneeritud last\"}]},{\"@type\":\"WebSite\",\"@id\":\"https:\/\/logostrans.eu\/et\/#website\",\"url\":\"https:\/\/logostrans.eu\/et\/\",\"name\":\"LOGOS TRANS\",\"description\":\"\",\"publisher\":{\"@id\":\"https:\/\/logostrans.eu\/et\/#organization\"},\"potentialAction\":[{\"@type\":\"SearchAction\",\"target\":{\"@type\":\"EntryPoint\",\"urlTemplate\":\"https:\/\/logostrans.eu\/et\/?s={search_term_string}\"},\"query-input\":{\"@type\":\"PropertyValueSpecification\",\"valueRequired\":true,\"valueName\":\"search_term_string\"}}],\"inLanguage\":\"et\"},{\"@type\":\"Organization\",\"@id\":\"https:\/\/logostrans.eu\/et\/#organization\",\"name\":\"LOGOS TRANS\",\"url\":\"https:\/\/logostrans.eu\/et\/\",\"logo\":{\"@type\":\"ImageObject\",\"inLanguage\":\"et\",\"@id\":\"https:\/\/logostrans.eu\/et\/#\/schema\/logo\/image\/\",\"url\":\"https:\/\/logostrans.eu\/wp-content\/uploads\/2024\/07\/cropped-rhino_orig.png\",\"contentUrl\":\"https:\/\/logostrans.eu\/wp-content\/uploads\/2024\/07\/cropped-rhino_orig.png\",\"width\":1566,\"height\":394,\"caption\":\"LOGOS TRANS\"},\"image\":{\"@id\":\"https:\/\/logostrans.eu\/et\/#\/schema\/logo\/image\/\"}}]}<\/script>\n<!-- \/ Yoast SEO plugin. -->","yoast_head_json":{"title":"Projekt ja \u00fcledimensioneeritud last - LOGOS TRANS","robots":{"index":"index","follow":"follow","max-snippet":"max-snippet:-1","max-image-preview":"max-image-preview:large","max-video-preview":"max-video-preview:-1"},"canonical":"https:\/\/logostrans.eu\/et\/teenused\/projekt-ja-uledimensioneeritud-last\/","og_locale":"et_EE","og_type":"article","og_title":"Projekt ja \u00fcledimensioneeritud last - LOGOS TRANS","og_description":"Projekt ja \u00fcledimensioneeritud last Rhino Transport &amp; Logistics Group pakub projektlasti veoteenuseid t\u00e4nu koost\u00f6\u00f6le suurte transpordiettev\u00f5tetega, mis tegutsevad Baltikumis \u00fcledimensioneeritud [&hellip;]","og_url":"https:\/\/logostrans.eu\/et\/teenused\/projekt-ja-uledimensioneeritud-last\/","og_site_name":"LOGOS TRANS","article_modified_time":"2024-07-31T12:01:31+00:00","twitter_card":"summary_large_image","twitter_misc":{"Est. reading time":"1 minut"},"schema":{"@context":"https:\/\/schema.org","@graph":[{"@type":"WebPage","@id":"https:\/\/logostrans.eu\/et\/teenused\/projekt-ja-uledimensioneeritud-last\/","url":"https:\/\/logostrans.eu\/et\/teenused\/projekt-ja-uledimensioneeritud-last\/","name":"Projekt ja \u00fcledimensioneeritud last - LOGOS TRANS","isPartOf":{"@id":"https:\/\/logostrans.eu\/et\/#website"},"datePublished":"2024-06-11T08:48:14+00:00","dateModified":"2024-07-31T12:01:31+00:00","breadcrumb":{"@id":"https:\/\/logostrans.eu\/et\/teenused\/projekt-ja-uledimensioneeritud-last\/#breadcrumb"},"inLanguage":"et","potentialAction":[{"@type":"ReadAction","target":["https:\/\/logostrans.eu\/et\/teenused\/projekt-ja-uledimensioneeritud-last\/"]}]},{"@type":"BreadcrumbList","@id":"https:\/\/logostrans.eu\/et\/teenused\/projekt-ja-uledimensioneeritud-last\/#breadcrumb","itemListElement":[{"@type":"ListItem","position":1,"name":"Home","item":"https:\/\/logostrans.eu\/et\/"},{"@type":"ListItem","position":2,"name":"Teenused","item":"https:\/\/logostrans.eu\/et\/teenused\/"},{"@type":"ListItem","position":3,"name":"Projekt ja \u00fcledimensioneeritud last"}]},{"@type":"WebSite","@id":"https:\/\/logostrans.eu\/et\/#website","url":"https:\/\/logostrans.eu\/et\/","name":"LOGOS TRANS","description":"","publisher":{"@id":"https:\/\/logostrans.eu\/et\/#organization"},"potentialAction":[{"@type":"SearchAction","target":{"@type":"EntryPoint","urlTemplate":"https:\/\/logostrans.eu\/et\/?s={search_term_string}"},"query-input":{"@type":"PropertyValueSpecification","valueRequired":true,"valueName":"search_term_string"}}],"inLanguage":"et"},{"@type":"Organization","@id":"https:\/\/logostrans.eu\/et\/#organization","name":"LOGOS TRANS","url":"https:\/\/logostrans.eu\/et\/","logo":{"@type":"ImageObject","inLanguage":"et","@id":"https:\/\/logostrans.eu\/et\/#\/schema\/logo\/image\/","url":"https:\/\/logostrans.eu\/wp-content\/uploads\/2024\/07\/cropped-rhino_orig.png","contentUrl":"https:\/\/logostrans.eu\/wp-content\/uploads\/2024\/07\/cropped-rhino_orig.png","width":1566,"height":394,"caption":"LOGOS TRANS"},"image":{"@id":"https:\/\/logostrans.eu\/et\/#\/schema\/logo\/image\/"}}]}},"_links":{"self":[{"href":"https:\/\/logostrans.eu\/et\/wp-json\/wp\/v2\/pages\/1034","targetHints":{"allow":["GET"]}}],"collection":[{"href":"https:\/\/logostrans.eu\/et\/wp-json\/wp\/v2\/pages"}],"about":[{"href":"https:\/\/logostrans.eu\/et\/wp-json\/wp\/v2\/types\/page"}],"author":[{"embeddable":true,"href":"https:\/\/logostrans.eu\/et\/wp-json\/wp\/v2\/users\/1"}],"replies":[{"embeddable":true,"href":"https:\/\/logostrans.eu\/et\/wp-json\/wp\/v2\/comments?post=1034"}],"version-history":[{"count":1,"href":"https:\/\/logostrans.eu\/et\/wp-json\/wp\/v2\/pages\/1034\/revisions"}],"predecessor-version":[{"id":1035,"href":"https:\/\/logostrans.eu\/et\/wp-json\/wp\/v2\/pages\/1034\/revisions\/1035"}],"up":[{"embeddable":true,"href":"https:\/\/logostrans.eu\/et\/wp-json\/wp\/v2\/pages\/1013"}],"wp:attachment":[{"href":"https:\/\/logostrans.eu\/et\/wp-json\/wp\/v2\/media?parent=1034"}],"curies":[{"name":"wp","href":"https:\/\/api.w.org\/{rel}","templated":true}]}}