{"id":1036,"date":"2024-06-11T08:37:42","date_gmt":"2024-06-11T08:37:42","guid":{"rendered":"https:\/\/logostrans.eu\/teenused\/ladustamisteenused\/"},"modified":"2024-07-31T12:01:32","modified_gmt":"2024-07-31T12:01:32","slug":"ladustamisteenused","status":"publish","type":"page","link":"https:\/\/logostrans.eu\/et\/teenused\/ladustamisteenused\/","title":{"rendered":"Ladustamisteenused"},"content":{"rendered":"\t\t<div data-elementor-type=\"wp-page\" data-elementor-id=\"1036\" class=\"elementor elementor-1036 elementor-437\">\n\t\t\t\t<div class=\"elementor-element elementor-element-62903a2 e-flex e-con-boxed e-con e-parent\" data-id=\"62903a2\" data-element_type=\"container\" data-settings=\"{&quot;background_background&quot;:&quot;classic&quot;}\">\n\t\t\t\t\t<div class=\"e-con-inner\">\n\t\t\t\t<div class=\"elementor-element elementor-element-5ae3ba2 exad-sticky-section-no exad-glass-effect-no elementor-invisible elementor-widget elementor-widget-heading\" data-id=\"5ae3ba2\" data-element_type=\"widget\" data-settings=\"{&quot;_animation&quot;:&quot;fadeInLeft&quot;}\" data-widget_type=\"heading.default\">\n\t\t\t\t<div class=\"elementor-widget-container\">\n\t\t\t<style>\/*! elementor - v3.23.0 - 05-08-2024 *\/\n.elementor-heading-title{padding:0;margin:0;line-height:1}.elementor-widget-heading .elementor-heading-title[class*=elementor-size-]>a{color:inherit;font-size:inherit;line-height:inherit}.elementor-widget-heading .elementor-heading-title.elementor-size-small{font-size:15px}.elementor-widget-heading .elementor-heading-title.elementor-size-medium{font-size:19px}.elementor-widget-heading .elementor-heading-title.elementor-size-large{font-size:29px}.elementor-widget-heading .elementor-heading-title.elementor-size-xl{font-size:39px}.elementor-widget-heading .elementor-heading-title.elementor-size-xxl{font-size:59px}<\/style><h2 class=\"elementor-heading-title elementor-size-default\">Ladustamisteenused<\/h2>\t\t<\/div>\n\t\t\t\t<\/div>\n\t\t\t\t\t<\/div>\n\t\t\t\t<\/div>\n\t\t<div class=\"elementor-element elementor-element-d18b62b e-flex e-con-boxed e-con e-parent\" data-id=\"d18b62b\" data-element_type=\"container\">\n\t\t\t\t\t<div class=\"e-con-inner\">\n\t\t\t\t<div class=\"elementor-element elementor-element-c167a9e exad-sticky-section-no exad-glass-effect-no elementor-widget elementor-widget-text-editor\" data-id=\"c167a9e\" data-element_type=\"widget\" data-widget_type=\"text-editor.default\">\n\t\t\t\t<div class=\"elementor-widget-container\">\n\t\t\t<style>\/*! elementor - v3.23.0 - 05-08-2024 *\/\n.elementor-widget-text-editor.elementor-drop-cap-view-stacked .elementor-drop-cap{background-color:#69727d;color:#fff}.elementor-widget-text-editor.elementor-drop-cap-view-framed .elementor-drop-cap{color:#69727d;border:3px solid;background-color:transparent}.elementor-widget-text-editor:not(.elementor-drop-cap-view-default) .elementor-drop-cap{margin-top:8px}.elementor-widget-text-editor:not(.elementor-drop-cap-view-default) .elementor-drop-cap-letter{width:1em;height:1em}.elementor-widget-text-editor .elementor-drop-cap{float:left;text-align:center;line-height:1;font-size:50px}.elementor-widget-text-editor .elementor-drop-cap-letter{display:inline-block}<\/style>\t\t\t\t<section class=\"elementor-section elementor-top-section elementor-element elementor-element-3ec77a32 elementor-section-boxed elementor-section-height-default elementor-section-height-default exad-glass-effect-no exad-sticky-section-no\" data-id=\"3ec77a32\" data-element_type=\"section\">\n<div class=\"elementor-container elementor-column-gap-default\">\n<div class=\"elementor-column elementor-col-100 elementor-top-column elementor-element elementor-element-4c3a1a79 exad-glass-effect-no exad-sticky-section-no\" data-id=\"4c3a1a79\" data-element_type=\"column\">\n<div class=\"elementor-widget-wrap elementor-element-populated\">\n<div class=\"elementor-element elementor-element-472e3c94 exad-sticky-section-no exad-glass-effect-no elementor-widget elementor-widget-text-editor\" data-id=\"472e3c94\" data-element_type=\"widget\" data-widget_type=\"text-editor.default\">\n<div class=\"elementor-widget-container\">\n<section class=\"elementor-section elementor-top-section elementor-element elementor-element-3ec77a32 elementor-section-boxed elementor-section-height-default elementor-section-height-default exad-glass-effect-no exad-sticky-section-no\" data-id=\"3ec77a32\" data-element_type=\"section\">\n<div class=\"elementor-container elementor-column-gap-default\">\n<div class=\"elementor-column elementor-col-100 elementor-top-column elementor-element elementor-element-4c3a1a79 exad-glass-effect-no exad-sticky-section-no\" data-id=\"4c3a1a79\" data-element_type=\"column\">\n<div class=\"elementor-widget-wrap elementor-element-populated\">\n<div class=\"elementor-element elementor-element-472e3c94 exad-sticky-section-no exad-glass-effect-no elementor-widget elementor-widget-text-editor\" data-id=\"472e3c94\" data-element_type=\"widget\" data-widget_type=\"text-editor.default\">\n<div class=\"elementor-widget-container\">\n<p>Kauba ladustamine &#8211; teenus, mida meie p\u00fcsikliendid, kes tellivad kaubavedu kogu maailmas, sageli taotlevad.<\/p>\n<\/p>\n<p><b>Rhino Transport &amp; Logistics Group <\/b>pakub laias valikus v\u00f5imalusi mis tahes kauba ladustamiseks, pakkudes t\u00e4ielikku standardlao teenustekomplekti Tallinnas ja Vilniuses. Laod on varustatud k\u00f5igi vajalike seadmetega teie logistiliste vajaduste rahuldamiseks, mis iganes need ka ei oleks. Lisaks s\u00f5lmib kontsern regulaarselt lepinguid teiste laoteenuste pakkujatega, mist\u00f5ttu saate konteinereid \u00fcmber laadida ka teistes Euroopa sadamates.<\/p>\n<\/p>\n<p>Ladustamisteenused h\u00f5lmavad:<\/p>\n<ul class=\"list-style\">\n<li>Ladustamine ja ladustamine<\/li>\n<li>Laadimine ja mahalaadimine<\/li>\n<li>Kaubaveo k\u00e4itlemise toimingud<\/li>\n<li>Kaalumine ja m\u00e4rgistamine<\/li>\n<li>Pakkimine venitusfooliumisse<\/li>\n<li>Kauba ladustamine kaubaalustele (lasti paigutamine kaubaalustele, pakkimine venitusfooliumisse)\n<\/li>\n<\/ul>\n<p>K\u00f5ik laodesse saabunud kaubad l\u00e4bivad tarnekomplekti ja dokumentide t\u00e4ieliku kontrolli, m\u00f5\u00f5tmete m\u00f5\u00f5tmise ja kaalumise, skaneerimise ja pildistamise. Lisaks sellele kaasneb kaupade vastuv\u00f5tmine ja vabastamine videosalvestusega, mis annab klientidele kindluse oma kaupade turvalisuses ettev\u00f5tte ladudes ladustamise ajal. S\u00f5ltuvalt lasti liigist pakume selle ladustamist nii avatud ladustamiskohtades kui ka siseruumides, kus on vajalik temperatuuritase.<\/p>\n<p><b>Rhino Transport &amp; Logistics Group<\/b> tagab lasti t\u00e4ieliku ohutuse ja selle ladustamise mis tahes ajavahemikuks, mida teie ettev\u00f5te v\u00f5ib vajada.<\/p>\n<\/div>\n<\/div>\n<\/div>\n<\/div>\n<\/div>\n<\/section>\n<\/div>\n<\/div>\n<\/div>\n<\/div>\n<\/div>\n<\/section>\n\t\t\t\t\t\t<\/div>\n\t\t\t\t<\/div>\n\t\t\t\t\t<\/div>\n\t\t\t\t<\/div>\n\t\t\t\t<\/div>\n\t\t","protected":false},"excerpt":{"rendered":"<p>Ladustamisteenused Kauba ladustamine &#8211; teenus, mida meie p\u00fcsikliendid, kes tellivad kaubavedu kogu maailmas, sageli taotlevad. Rhino Transport &amp; Logistics Group [&hellip;]<\/p>\n","protected":false},"author":1,"featured_media":0,"parent":1013,"menu_order":0,"comment_status":"closed","ping_status":"closed","template":"","meta":{"site-sidebar-layout":"no-sidebar","site-content-layout":"","ast-site-content-layout":"full-width-container","site-content-style":"default","site-sidebar-style":"default","ast-global-header-display":"","ast-banner-title-visibility":"","ast-main-header-display":"","ast-hfb-above-header-display":"","ast-hfb-below-header-display":"","ast-hfb-mobile-header-display":"","site-post-title":"disabled","ast-breadcrumbs-content":"","ast-featured-img":"disabled","footer-sml-layout":"","theme-transparent-header-meta":"default","adv-header-id-meta":"","stick-header-meta":"","header-above-stick-meta":"","header-main-stick-meta":"","header-below-stick-meta":"","astra-migrate-meta-layouts":"default","ast-page-background-enabled":"default","ast-page-background-meta":{"desktop":{"background-color":"var(--ast-global-color-4)","background-image":"","background-repeat":"repeat","background-position":"center center","background-size":"auto","background-attachment":"scroll","background-type":"","background-media":"","overlay-type":"","overlay-color":"","overlay-opacity":"","overlay-gradient":""},"tablet":{"background-color":"","background-image":"","background-repeat":"repeat","background-position":"center center","background-size":"auto","background-attachment":"scroll","background-type":"","background-media":"","overlay-type":"","overlay-color":"","overlay-opacity":"","overlay-gradient":""},"mobile":{"background-color":"","background-image":"","background-repeat":"repeat","background-position":"center center","background-size":"auto","background-attachment":"scroll","background-type":"","background-media":"","overlay-type":"","overlay-color":"","overlay-opacity":"","overlay-gradient":""}},"ast-content-background-meta":{"desktop":{"background-color":"var(--ast-global-color-5)","background-image":"","background-repeat":"repeat","background-position":"center center","background-size":"auto","background-attachment":"scroll","background-type":"","background-media":"","overlay-type":"","overlay-color":"","overlay-opacity":"","overlay-gradient":""},"tablet":{"background-color":"var(--ast-global-color-5)","background-image":"","background-repeat":"repeat","background-position":"center center","background-size":"auto","background-attachment":"scroll","background-type":"","background-media":"","overlay-type":"","overlay-color":"","overlay-opacity":"","overlay-gradient":""},"mobile":{"background-color":"var(--ast-global-color-5)","background-image":"","background-repeat":"repeat","background-position":"center center","background-size":"auto","background-attachment":"scroll","background-type":"","background-media":"","overlay-type":"","overlay-color":"","overlay-opacity":"","overlay-gradient":""}},"footnotes":""},"class_list":["post-1036","page","type-page","status-publish","hentry"],"yoast_head":"<!-- This site is optimized with the Yoast SEO plugin v23.4 - https:\/\/yoast.com\/wordpress\/plugins\/seo\/ -->\n<title>Ladustamisteenused - LOGOS TRANS<\/title>\n<meta name=\"robots\" content=\"index, follow, max-snippet:-1, max-image-preview:large, max-video-preview:-1\" \/>\n<link rel=\"canonical\" href=\"https:\/\/logostrans.eu\/et\/teenused\/ladustamisteenused\/\" \/>\n<meta property=\"og:locale\" content=\"et_EE\" \/>\n<meta property=\"og:type\" content=\"article\" \/>\n<meta property=\"og:title\" content=\"Ladustamisteenused - LOGOS TRANS\" \/>\n<meta property=\"og:description\" content=\"Ladustamisteenused Kauba ladustamine &#8211; teenus, mida meie p\u00fcsikliendid, kes tellivad kaubavedu kogu maailmas, sageli taotlevad. Rhino Transport &amp; Logistics Group [&hellip;]\" \/>\n<meta property=\"og:url\" content=\"https:\/\/logostrans.eu\/et\/teenused\/ladustamisteenused\/\" \/>\n<meta property=\"og:site_name\" content=\"LOGOS TRANS\" \/>\n<meta property=\"article:modified_time\" content=\"2024-07-31T12:01:32+00:00\" \/>\n<meta name=\"twitter:card\" content=\"summary_large_image\" \/>\n<meta name=\"twitter:label1\" content=\"Est. reading time\" \/>\n\t<meta name=\"twitter:data1\" content=\"1 minut\" \/>\n<script type=\"application\/ld+json\" class=\"yoast-schema-graph\">{\"@context\":\"https:\/\/schema.org\",\"@graph\":[{\"@type\":\"WebPage\",\"@id\":\"https:\/\/logostrans.eu\/et\/teenused\/ladustamisteenused\/\",\"url\":\"https:\/\/logostrans.eu\/et\/teenused\/ladustamisteenused\/\",\"name\":\"Ladustamisteenused - LOGOS TRANS\",\"isPartOf\":{\"@id\":\"https:\/\/logostrans.eu\/et\/#website\"},\"datePublished\":\"2024-06-11T08:37:42+00:00\",\"dateModified\":\"2024-07-31T12:01:32+00:00\",\"breadcrumb\":{\"@id\":\"https:\/\/logostrans.eu\/et\/teenused\/ladustamisteenused\/#breadcrumb\"},\"inLanguage\":\"et\",\"potentialAction\":[{\"@type\":\"ReadAction\",\"target\":[\"https:\/\/logostrans.eu\/et\/teenused\/ladustamisteenused\/\"]}]},{\"@type\":\"BreadcrumbList\",\"@id\":\"https:\/\/logostrans.eu\/et\/teenused\/ladustamisteenused\/#breadcrumb\",\"itemListElement\":[{\"@type\":\"ListItem\",\"position\":1,\"name\":\"Home\",\"item\":\"https:\/\/logostrans.eu\/et\/\"},{\"@type\":\"ListItem\",\"position\":2,\"name\":\"Teenused\",\"item\":\"https:\/\/logostrans.eu\/et\/teenused\/\"},{\"@type\":\"ListItem\",\"position\":3,\"name\":\"Ladustamisteenused\"}]},{\"@type\":\"WebSite\",\"@id\":\"https:\/\/logostrans.eu\/et\/#website\",\"url\":\"https:\/\/logostrans.eu\/et\/\",\"name\":\"LOGOS TRANS\",\"description\":\"\",\"publisher\":{\"@id\":\"https:\/\/logostrans.eu\/et\/#organization\"},\"potentialAction\":[{\"@type\":\"SearchAction\",\"target\":{\"@type\":\"EntryPoint\",\"urlTemplate\":\"https:\/\/logostrans.eu\/et\/?s={search_term_string}\"},\"query-input\":{\"@type\":\"PropertyValueSpecification\",\"valueRequired\":true,\"valueName\":\"search_term_string\"}}],\"inLanguage\":\"et\"},{\"@type\":\"Organization\",\"@id\":\"https:\/\/logostrans.eu\/et\/#organization\",\"name\":\"LOGOS TRANS\",\"url\":\"https:\/\/logostrans.eu\/et\/\",\"logo\":{\"@type\":\"ImageObject\",\"inLanguage\":\"et\",\"@id\":\"https:\/\/logostrans.eu\/et\/#\/schema\/logo\/image\/\",\"url\":\"https:\/\/logostrans.eu\/wp-content\/uploads\/2024\/07\/cropped-rhino_orig.png\",\"contentUrl\":\"https:\/\/logostrans.eu\/wp-content\/uploads\/2024\/07\/cropped-rhino_orig.png\",\"width\":1566,\"height\":394,\"caption\":\"LOGOS TRANS\"},\"image\":{\"@id\":\"https:\/\/logostrans.eu\/et\/#\/schema\/logo\/image\/\"}}]}<\/script>\n<!-- \/ Yoast SEO plugin. -->","yoast_head_json":{"title":"Ladustamisteenused - LOGOS TRANS","robots":{"index":"index","follow":"follow","max-snippet":"max-snippet:-1","max-image-preview":"max-image-preview:large","max-video-preview":"max-video-preview:-1"},"canonical":"https:\/\/logostrans.eu\/et\/teenused\/ladustamisteenused\/","og_locale":"et_EE","og_type":"article","og_title":"Ladustamisteenused - LOGOS TRANS","og_description":"Ladustamisteenused Kauba ladustamine &#8211; teenus, mida meie p\u00fcsikliendid, kes tellivad kaubavedu kogu maailmas, sageli taotlevad. Rhino Transport &amp; Logistics Group [&hellip;]","og_url":"https:\/\/logostrans.eu\/et\/teenused\/ladustamisteenused\/","og_site_name":"LOGOS TRANS","article_modified_time":"2024-07-31T12:01:32+00:00","twitter_card":"summary_large_image","twitter_misc":{"Est. reading time":"1 minut"},"schema":{"@context":"https:\/\/schema.org","@graph":[{"@type":"WebPage","@id":"https:\/\/logostrans.eu\/et\/teenused\/ladustamisteenused\/","url":"https:\/\/logostrans.eu\/et\/teenused\/ladustamisteenused\/","name":"Ladustamisteenused - LOGOS TRANS","isPartOf":{"@id":"https:\/\/logostrans.eu\/et\/#website"},"datePublished":"2024-06-11T08:37:42+00:00","dateModified":"2024-07-31T12:01:32+00:00","breadcrumb":{"@id":"https:\/\/logostrans.eu\/et\/teenused\/ladustamisteenused\/#breadcrumb"},"inLanguage":"et","potentialAction":[{"@type":"ReadAction","target":["https:\/\/logostrans.eu\/et\/teenused\/ladustamisteenused\/"]}]},{"@type":"BreadcrumbList","@id":"https:\/\/logostrans.eu\/et\/teenused\/ladustamisteenused\/#breadcrumb","itemListElement":[{"@type":"ListItem","position":1,"name":"Home","item":"https:\/\/logostrans.eu\/et\/"},{"@type":"ListItem","position":2,"name":"Teenused","item":"https:\/\/logostrans.eu\/et\/teenused\/"},{"@type":"ListItem","position":3,"name":"Ladustamisteenused"}]},{"@type":"WebSite","@id":"https:\/\/logostrans.eu\/et\/#website","url":"https:\/\/logostrans.eu\/et\/","name":"LOGOS TRANS","description":"","publisher":{"@id":"https:\/\/logostrans.eu\/et\/#organization"},"potentialAction":[{"@type":"SearchAction","target":{"@type":"EntryPoint","urlTemplate":"https:\/\/logostrans.eu\/et\/?s={search_term_string}"},"query-input":{"@type":"PropertyValueSpecification","valueRequired":true,"valueName":"search_term_string"}}],"inLanguage":"et"},{"@type":"Organization","@id":"https:\/\/logostrans.eu\/et\/#organization","name":"LOGOS TRANS","url":"https:\/\/logostrans.eu\/et\/","logo":{"@type":"ImageObject","inLanguage":"et","@id":"https:\/\/logostrans.eu\/et\/#\/schema\/logo\/image\/","url":"https:\/\/logostrans.eu\/wp-content\/uploads\/2024\/07\/cropped-rhino_orig.png","contentUrl":"https:\/\/logostrans.eu\/wp-content\/uploads\/2024\/07\/cropped-rhino_orig.png","width":1566,"height":394,"caption":"LOGOS TRANS"},"image":{"@id":"https:\/\/logostrans.eu\/et\/#\/schema\/logo\/image\/"}}]}},"_links":{"self":[{"href":"https:\/\/logostrans.eu\/et\/wp-json\/wp\/v2\/pages\/1036","targetHints":{"allow":["GET"]}}],"collection":[{"href":"https:\/\/logostrans.eu\/et\/wp-json\/wp\/v2\/pages"}],"about":[{"href":"https:\/\/logostrans.eu\/et\/wp-json\/wp\/v2\/types\/page"}],"author":[{"embeddable":true,"href":"https:\/\/logostrans.eu\/et\/wp-json\/wp\/v2\/users\/1"}],"replies":[{"embeddable":true,"href":"https:\/\/logostrans.eu\/et\/wp-json\/wp\/v2\/comments?post=1036"}],"version-history":[{"count":1,"href":"https:\/\/logostrans.eu\/et\/wp-json\/wp\/v2\/pages\/1036\/revisions"}],"predecessor-version":[{"id":1038,"href":"https:\/\/logostrans.eu\/et\/wp-json\/wp\/v2\/pages\/1036\/revisions\/1038"}],"up":[{"embeddable":true,"href":"https:\/\/logostrans.eu\/et\/wp-json\/wp\/v2\/pages\/1013"}],"wp:attachment":[{"href":"https:\/\/logostrans.eu\/et\/wp-json\/wp\/v2\/media?parent=1036"}],"curies":[{"name":"wp","href":"https:\/\/api.w.org\/{rel}","templated":true}]}}